{"id":12440,"date":"2022-07-12T16:19:24","date_gmt":"2022-07-12T14:19:24","guid":{"rendered":"https:\/\/forget-about-age.com\/produkt\/instant-teint-combo-paket"},"modified":"2023-05-10T16:36:54","modified_gmt":"2023-05-10T14:36:54","slug":"instant-teint-combo-paket","status":"publish","type":"product","link":"https:\/\/forget-about-age.com\/de\/produkt\/instant-teint-combo-paket","title":{"rendered":"Instant Teint Combo Paket"},"content":{"rendered":"\t\t<div data-elementor-type=\"wp-post\" data-elementor-id=\"12443\" class=\"elementor elementor-12443 elementor-11719\" data-elementor-post-type=\"cms_block\">\n\t\t\t\t\t\t<section class=\"wd-negative-gap elementor-section elementor-top-section elementor-element elementor-element-b9f2592 elementor-section-boxed elementor-section-height-default elementor-section-height-default\" data-id=\"b9f2592\" data-element_type=\"section\" data-e-type=\"section\">\n\t\t\t\t\t\t<div class=\"elementor-container elementor-column-gap-wider\">\n\t\t\t\t\t<div class=\"elementor-column elementor-col-50 elementor-top-column elementor-element elementor-element-eba185f\" data-id=\"eba185f\" data-element_type=\"column\" data-e-type=\"column\">\n\t\t\t<div class=\"elementor-widget-wrap elementor-element-populated\">\n\t\t\t\t\t\t<div class=\"elementor-element elementor-element-3ec31b9 elementor-widget elementor-widget-wd_text_block\" data-id=\"3ec31b9\" data-element_type=\"widget\" data-e-type=\"widget\" data-widget_type=\"wd_text_block.default\">\n\t\t\t\t<div class=\"elementor-widget-container\">\n\t\t\t\t\t\t\t<div class=\"wd-text-block reset-last-child text-left\">\n\t\t\t\n\t\t\t<div class=\"page\" title=\"Seite 14\"><div class=\"section\"><div class=\"layoutArea\"><div class=\"column\"><p>Instant Teint Love wurde entwickelt, um den Heilungsprozess der Haut zu unterst\u00fctzen und die Ausfallzeiten Ihrer Patienten nach nicht- und minimalinvasiven \u00e4sthetischen Eingriffen wie Fillern (z.B. Hyalurons\u00e4ure), chemischen und gr\u00fcnen Peelings, Mesotherapie, Microneedling, Fadenlifting, Ultraschall- und Laserbehandlungen zu reduzieren.<\/p><\/div><\/div><\/div><\/div>\n\t\t\t\t\t<\/div>\n\t\t\t\t\t\t<\/div>\n\t\t\t\t<\/div>\n\t\t\t\t<div class=\"elementor-element elementor-element-d58ac12 elementor-widget elementor-widget-wd_image_or_svg\" data-id=\"d58ac12\" data-element_type=\"widget\" data-e-type=\"widget\" data-widget_type=\"wd_image_or_svg.default\">\n\t\t\t\t<div class=\"elementor-widget-container\">\n\t\t\t\t\t\n\t\t<div class=\"wd-image text-center\">\n\t\t\t\t\t\t\t\t<img loading=\"lazy\" decoding=\"async\" width=\"450\" height=\"411\" src=\"https:\/\/forget-about-age.com\/wp-content\/uploads\/2022\/07\/Instant-Teint-Love-Description-450x411.png\" class=\"attachment-450x size-450x\" alt=\"Instant Teint Love Description\" srcset=\"https:\/\/forget-about-age.com\/wp-content\/uploads\/2022\/07\/Instant-Teint-Love-Description-450x411.png 450w, https:\/\/forget-about-age.com\/wp-content\/uploads\/2022\/07\/Instant-Teint-Love-Description-329x300.png 329w, https:\/\/forget-about-age.com\/wp-content\/uploads\/2022\/07\/Instant-Teint-Love-Description-877x800.png 877w, https:\/\/forget-about-age.com\/wp-content\/uploads\/2022\/07\/Instant-Teint-Love-Description-768x701.png 768w, https:\/\/forget-about-age.com\/wp-content\/uploads\/2022\/07\/Instant-Teint-Love-Description-860x785.png 860w, https:\/\/forget-about-age.com\/wp-content\/uploads\/2022\/07\/Instant-Teint-Love-Description-430x392.png 430w, https:\/\/forget-about-age.com\/wp-content\/uploads\/2022\/07\/Instant-Teint-Love-Description-700x639.png 700w, https:\/\/forget-about-age.com\/wp-content\/uploads\/2022\/07\/Instant-Teint-Love-Description-150x137.png 150w, https:\/\/forget-about-age.com\/wp-content\/uploads\/2022\/07\/Instant-Teint-Love-Description.png 960w\" sizes=\"auto, (max-width: 450px) 100vw, 450px\" \/>\t\t\t\t\t<\/div>\n\n\t\t\t\t\t\t<\/div>\n\t\t\t\t<\/div>\n\t\t\t\t\t<\/div>\n\t\t<\/div>\n\t\t\t\t<div class=\"elementor-column elementor-col-50 elementor-top-column elementor-element elementor-element-a6550de\" data-id=\"a6550de\" data-element_type=\"column\" data-e-type=\"column\">\n\t\t\t<div class=\"elementor-widget-wrap elementor-element-populated\">\n\t\t\t\t\t\t<div class=\"elementor-element elementor-element-bf8b512 elementor-widget elementor-widget-wd_text_block\" data-id=\"bf8b512\" data-element_type=\"widget\" data-e-type=\"widget\" data-widget_type=\"wd_text_block.default\">\n\t\t\t\t<div class=\"elementor-widget-container\">\n\t\t\t\t\t\t\t<div class=\"wd-text-block reset-last-child text-left\">\n\t\t\t\n\t\t\t<div class=\"page\" title=\"Seite 14\"><div class=\"section\"><div class=\"layoutArea\"><div class=\"column\"><div class=\"page\" title=\"Seite 14\"><div class=\"section\"><div class=\"layoutArea\"><div class=\"column\"><p>Verschiedene Faktoren k\u00f6nnen den Heilungsprozess beeinflussen. Die kutane Wundheilung mit den daran beteiligten zellul\u00e4ren und molekularen Mechanismen kann je nach Sauerstoffversorgung, Vorerkrankungen (z. B. Diabetes, Alkoholismus), Gewohnheiten wie Rauchen oder Br\u00e4unen, Ern\u00e4hrung und anderen Faktoren unterschiedlich schnell und gut verlaufen.<\/p><p>Dank seiner spezifischen, nat\u00fcrlichen Inhaltsstoffe ist Instant Teint Love eine wirksame Nachbehandlung, die in der Lage ist, Infektionen vorzubeugen, einen ausreichenden UV-Schutz zu bieten, R\u00f6tungen und R\u00f6tungen abzudecken und Schwellungen zu reduzieren sowie Hyperpigmentierung zu verhindern und die Haut zu n\u00e4hren und zu beruhigen.<\/p><p>Instant Teint Love ist in zwei verschiedenen Farbt\u00f6nen erh\u00e4ltlich, die f\u00fcr die meisten Hautt\u00f6ne geeignet sind. Die beiden Farben k\u00f6nnen so gemischt werden, dass sie dem Hautton jedes Patienten optimal entsprechen. Die glatte Textur verhindert, dass sich das Produkt nach dem Auftragen in den Falten absetzt. Ihr Patient kann sofort wieder am gesellschaftlichen Leben teilnehmen und sich \u00fcber ein nat\u00fcrliches, ebenm\u00e4\u00dfiges und jugendliches Aussehen der Haut freuen.<\/p><\/div><\/div><\/div><\/div><\/div><\/div><\/div><\/div>\n\t\t\t\t\t<\/div>\n\t\t\t\t\t\t<\/div>\n\t\t\t\t<\/div>\n\t\t\t\t\t<\/div>\n\t\t<\/div>\n\t\t\t\t\t<\/div>\n\t\t<\/section>\n\t\t\t\t<\/div>\n\t\t\n","protected":false},"excerpt":{"rendered":"","protected":false},"featured_media":12316,"template":"","meta":{"_acf_changed":false},"product_brand":[],"product_cat":[147],"product_tag":[],"class_list":{"0":"post-12440","1":"product","2":"type-product","3":"status-publish","4":"has-post-thumbnail","6":"product_cat-forget-about-age","8":"first","9":"instock","10":"taxable","11":"shipping-taxable","12":"purchasable","13":"product-type-simple"},"acf":[],"_links":{"self":[{"href":"https:\/\/forget-about-age.com\/de\/wp-json\/wp\/v2\/product\/12440","targetHints":{"allow":["GET"]}}],"collection":[{"href":"https:\/\/forget-about-age.com\/de\/wp-json\/wp\/v2\/product"}],"about":[{"href":"https:\/\/forget-about-age.com\/de\/wp-json\/wp\/v2\/types\/product"}],"version-history":[{"count":3,"href":"https:\/\/forget-about-age.com\/de\/wp-json\/wp\/v2\/product\/12440\/revisions"}],"predecessor-version":[{"id":12880,"href":"https:\/\/forget-about-age.com\/de\/wp-json\/wp\/v2\/product\/12440\/revisions\/12880"}],"wp:featuredmedia":[{"embeddable":true,"href":"https:\/\/forget-about-age.com\/de\/wp-json\/wp\/v2\/media\/12316"}],"wp:attachment":[{"href":"https:\/\/forget-about-age.com\/de\/wp-json\/wp\/v2\/media?parent=12440"}],"wp:term":[{"taxonomy":"product_brand","embeddable":true,"href":"https:\/\/forget-about-age.com\/de\/wp-json\/wp\/v2\/product_brand?post=12440"},{"taxonomy":"product_cat","embeddable":true,"href":"https:\/\/forget-about-age.com\/de\/wp-json\/wp\/v2\/product_cat?post=12440"},{"taxonomy":"product_tag","embeddable":true,"href":"https:\/\/forget-about-age.com\/de\/wp-json\/wp\/v2\/product_tag?post=12440"}],"curies":[{"name":"wp","href":"https:\/\/api.w.org\/{rel}","templated":true}]}}