{"id":12447,"date":"2022-07-07T02:29:02","date_gmt":"2022-07-07T00:29:02","guid":{"rendered":"https:\/\/forget-about-age.com\/produkt\/sofortiger-faltenradierer"},"modified":"2023-05-10T16:37:44","modified_gmt":"2023-05-10T14:37:44","slug":"instant-wrinkle-eraser","status":"publish","type":"product","link":"https:\/\/forget-about-age.com\/de\/produkt\/instant-wrinkle-eraser","title":{"rendered":"Instant Wrinkle Eraser"},"content":{"rendered":"\t\t<div data-elementor-type=\"wp-post\" data-elementor-id=\"12474\" class=\"elementor elementor-12474 elementor-11744\" data-elementor-post-type=\"cms_block\">\n\t\t\t\t\t\t<section class=\"wd-negative-gap elementor-section elementor-top-section elementor-element elementor-element-442178e elementor-section-boxed elementor-section-height-default elementor-section-height-default\" data-id=\"442178e\" data-element_type=\"section\" data-e-type=\"section\">\n\t\t\t\t\t\t<div class=\"elementor-container elementor-column-gap-wider\">\n\t\t\t\t\t<div class=\"elementor-column elementor-col-50 elementor-top-column elementor-element elementor-element-f8aac64\" data-id=\"f8aac64\" data-element_type=\"column\" data-e-type=\"column\">\n\t\t\t<div class=\"elementor-widget-wrap elementor-element-populated\">\n\t\t\t\t\t\t<div class=\"elementor-element elementor-element-ca536e1 elementor-widget elementor-widget-wd_text_block\" data-id=\"ca536e1\" data-element_type=\"widget\" data-e-type=\"widget\" data-widget_type=\"wd_text_block.default\">\n\t\t\t\t<div class=\"elementor-widget-container\">\n\t\t\t\t\t\t\t<div class=\"wd-text-block reset-last-child text-left\">\n\t\t\t\n\t\t\t<div class=\"page\" title=\"Seite 5\"><div class=\"section\"><div class=\"layoutArea\"><div class=\"column\"><p>Mimische oder dynamische Falten entstehen im Gesicht durch unsere Mimik, d.h. durch aktive Muskelbewegungen, wie z.B. Lachen oder das konzentrierte Zusammenziehen der Augenbrauen oder das Anheben der Stirn.<\/p><p>Typische Gesichtsfalten sind daher Lachfalten, Kr\u00e4henf\u00fc\u00dfe an den Augen, Zornesfalten im Stirnbereich oder die Glabellafalten zwischen den Augenbrauen. Die Entstehung von Gesichtsfalten hat nicht nur mit unseren Muskelbewegungen zu tun, sie wird auch durch altersbedingte Ver\u00e4nderungen der Haut beg\u00fcnstigt. So bilden sich beispielsweise die elastischen Hautfasern zur\u00fcck, das Unterhautfettgewebe nimmt ab, und die Durchdringung und Speicherung von Feuchtigkeit wird durch den Alterungsprozess erheblich reduziert.<\/p><p>Infolgedessen bleiben die Gesichtsfalten auch dann sichtbar, wenn wir keine Muskelbewegungen ausf\u00fchren.<\/p><\/div><\/div><\/div><\/div>\n\t\t\t\t\t<\/div>\n\t\t\t\t\t\t<\/div>\n\t\t\t\t<\/div>\n\t\t\t\t\t<\/div>\n\t\t<\/div>\n\t\t\t\t<div class=\"elementor-column elementor-col-50 elementor-top-column elementor-element elementor-element-27332f3\" data-id=\"27332f3\" data-element_type=\"column\" data-e-type=\"column\">\n\t\t\t<div class=\"elementor-widget-wrap elementor-element-populated\">\n\t\t\t\t\t\t<div class=\"elementor-element elementor-element-be5b4ea elementor-widget elementor-widget-wd_image_or_svg\" data-id=\"be5b4ea\" data-element_type=\"widget\" data-e-type=\"widget\" data-widget_type=\"wd_image_or_svg.default\">\n\t\t\t\t<div class=\"elementor-widget-container\">\n\t\t\t\t\t\n\t\t<div class=\"wd-image text-center\">\n\t\t\t\t\t\t\t\t<img loading=\"lazy\" decoding=\"async\" width=\"400\" height=\"370\" src=\"https:\/\/forget-about-age.com\/wp-content\/uploads\/2022\/07\/Instant-Wrinkle-Eraser-Decription-400x370.png\" class=\"attachment-400x size-400x\" alt=\"Instant Wrinkle Eraser Decription\" srcset=\"https:\/\/forget-about-age.com\/wp-content\/uploads\/2022\/07\/Instant-Wrinkle-Eraser-Decription-400x370.png 400w, https:\/\/forget-about-age.com\/wp-content\/uploads\/2022\/07\/Instant-Wrinkle-Eraser-Decription-324x300.png 324w, https:\/\/forget-about-age.com\/wp-content\/uploads\/2022\/07\/Instant-Wrinkle-Eraser-Decription-865x800.png 865w, https:\/\/forget-about-age.com\/wp-content\/uploads\/2022\/07\/Instant-Wrinkle-Eraser-Decription-768x710.png 768w, https:\/\/forget-about-age.com\/wp-content\/uploads\/2022\/07\/Instant-Wrinkle-Eraser-Decription-860x795.png 860w, https:\/\/forget-about-age.com\/wp-content\/uploads\/2022\/07\/Instant-Wrinkle-Eraser-Decription-430x398.png 430w, https:\/\/forget-about-age.com\/wp-content\/uploads\/2022\/07\/Instant-Wrinkle-Eraser-Decription-700x647.png 700w, https:\/\/forget-about-age.com\/wp-content\/uploads\/2022\/07\/Instant-Wrinkle-Eraser-Decription-150x139.png 150w, https:\/\/forget-about-age.com\/wp-content\/uploads\/2022\/07\/Instant-Wrinkle-Eraser-Decription.png 1092w\" sizes=\"auto, (max-width: 400px) 100vw, 400px\" \/>\t\t\t\t\t<\/div>\n\n\t\t\t\t\t\t<\/div>\n\t\t\t\t<\/div>\n\t\t\t\t\t<\/div>\n\t\t<\/div>\n\t\t\t\t\t<\/div>\n\t\t<\/section>\n\t\t\t\t<\/div>\n\t\t\n","protected":false},"excerpt":{"rendered":"","protected":false},"featured_media":12312,"template":"","meta":{"_acf_changed":false},"product_brand":[],"product_cat":[147],"product_tag":[],"class_list":{"0":"post-12447","1":"product","2":"type-product","3":"status-publish","4":"has-post-thumbnail","6":"product_cat-forget-about-age","8":"first","9":"instock","10":"taxable","11":"shipping-taxable","12":"purchasable","13":"product-type-simple"},"acf":[],"_links":{"self":[{"href":"https:\/\/forget-about-age.com\/de\/wp-json\/wp\/v2\/product\/12447","targetHints":{"allow":["GET"]}}],"collection":[{"href":"https:\/\/forget-about-age.com\/de\/wp-json\/wp\/v2\/product"}],"about":[{"href":"https:\/\/forget-about-age.com\/de\/wp-json\/wp\/v2\/types\/product"}],"version-history":[{"count":2,"href":"https:\/\/forget-about-age.com\/de\/wp-json\/wp\/v2\/product\/12447\/revisions"}],"predecessor-version":[{"id":12577,"href":"https:\/\/forget-about-age.com\/de\/wp-json\/wp\/v2\/product\/12447\/revisions\/12577"}],"wp:featuredmedia":[{"embeddable":true,"href":"https:\/\/forget-about-age.com\/de\/wp-json\/wp\/v2\/media\/12312"}],"wp:attachment":[{"href":"https:\/\/forget-about-age.com\/de\/wp-json\/wp\/v2\/media?parent=12447"}],"wp:term":[{"taxonomy":"product_brand","embeddable":true,"href":"https:\/\/forget-about-age.com\/de\/wp-json\/wp\/v2\/product_brand?post=12447"},{"taxonomy":"product_cat","embeddable":true,"href":"https:\/\/forget-about-age.com\/de\/wp-json\/wp\/v2\/product_cat?post=12447"},{"taxonomy":"product_tag","embeddable":true,"href":"https:\/\/forget-about-age.com\/de\/wp-json\/wp\/v2\/product_tag?post=12447"}],"curies":[{"name":"wp","href":"https:\/\/api.w.org\/{rel}","templated":true}]}}