{"id":12449,"date":"2022-07-07T02:29:01","date_gmt":"2022-07-07T00:29:01","guid":{"rendered":"https:\/\/forget-about-age.com\/produkt\/instant-eyes-love-2-drehbleistifte"},"modified":"2024-05-29T16:05:15","modified_gmt":"2024-05-29T14:05:15","slug":"instant-eyes-love-2-twist-pens","status":"publish","type":"product","link":"https:\/\/forget-about-age.com\/de\/produkt\/instant-eyes-love-2-twist-pens","title":{"rendered":"Instant Eyes Love (2 twist pens)"},"content":{"rendered":"\t\t<div data-elementor-type=\"wp-post\" data-elementor-id=\"12482\" class=\"elementor elementor-12482 elementor-11712\" data-elementor-post-type=\"cms_block\">\n\t\t\t\t\t\t<section class=\"wd-negative-gap elementor-section elementor-top-section elementor-element elementor-element-73dec13 elementor-section-boxed elementor-section-height-default elementor-section-height-default\" data-id=\"73dec13\" data-element_type=\"section\" data-e-type=\"section\">\n\t\t\t\t\t\t<div class=\"elementor-container elementor-column-gap-wider\">\n\t\t\t\t\t<div class=\"elementor-column elementor-col-50 elementor-top-column elementor-element elementor-element-feee4cd\" data-id=\"feee4cd\" data-element_type=\"column\" data-e-type=\"column\">\n\t\t\t<div class=\"elementor-widget-wrap elementor-element-populated\">\n\t\t\t\t\t\t<div class=\"elementor-element elementor-element-f1c0d5d elementor-widget elementor-widget-wd_text_block\" data-id=\"f1c0d5d\" data-element_type=\"widget\" data-e-type=\"widget\" data-widget_type=\"wd_text_block.default\">\n\t\t\t\t<div class=\"elementor-widget-container\">\n\t\t\t\t\t\t\t<div class=\"wd-text-block reset-last-child text-left\">\n\t\t\t\n\t\t\t<div class=\"page\" title=\"Seite 11\"><div class=\"section\"><div class=\"layoutArea\"><div class=\"column\"><p>Typische Anzeichen des Alterungsprozesses sind Kr\u00e4henf\u00fc\u00dfe, dunkle Augenringe und Tr\u00e4nens\u00e4cke sowie h\u00e4ngende Augenlider. Schon die ersten Anzeichen k\u00f6nnen schnell zu einem m\u00fcden Gesichtsausdruck f\u00fchren.<\/p><p>Instant Eyes Love ist ein get\u00f6ntes Augenserum, das feine Linien und F\u00e4ltchen sofort gl\u00e4ttet, dunkle Augenringe perfekt abdeckt und schlaffe Haut an den oberen und unteren Augenlidern strafft.<\/p><\/div><\/div><\/div><\/div>\n\t\t\t\t\t<\/div>\n\t\t\t\t\t\t<\/div>\n\t\t\t\t<\/div>\n\t\t\t\t<div class=\"elementor-element elementor-element-0284864 elementor-widget elementor-widget-wd_image_or_svg\" data-id=\"0284864\" data-element_type=\"widget\" data-e-type=\"widget\" data-widget_type=\"wd_image_or_svg.default\">\n\t\t\t\t<div class=\"elementor-widget-container\">\n\t\t\t\t\t\n\t\t<div class=\"wd-image text-left\">\n\t\t\t\t\t\t\t\t<img loading=\"lazy\" decoding=\"async\" width=\"1066\" height=\"744\" src=\"https:\/\/forget-about-age.com\/wp-content\/uploads\/2022\/07\/Instant-Eye-Love-Description.png\" class=\"attachment-full size-full\" alt=\"Instant-Eye-Love-Description\" srcset=\"https:\/\/forget-about-age.com\/wp-content\/uploads\/2022\/07\/Instant-Eye-Love-Description.png 1066w, https:\/\/forget-about-age.com\/wp-content\/uploads\/2022\/07\/Instant-Eye-Love-Description-400x279.png 400w, https:\/\/forget-about-age.com\/wp-content\/uploads\/2022\/07\/Instant-Eye-Love-Description-768x536.png 768w, https:\/\/forget-about-age.com\/wp-content\/uploads\/2022\/07\/Instant-Eye-Love-Description-860x600.png 860w, https:\/\/forget-about-age.com\/wp-content\/uploads\/2022\/07\/Instant-Eye-Love-Description-430x300.png 430w, https:\/\/forget-about-age.com\/wp-content\/uploads\/2022\/07\/Instant-Eye-Love-Description-700x489.png 700w, https:\/\/forget-about-age.com\/wp-content\/uploads\/2022\/07\/Instant-Eye-Love-Description-150x105.png 150w\" sizes=\"auto, (max-width: 1066px) 100vw, 1066px\" \/>\t\t\t\t\t<\/div>\n\n\t\t\t\t\t\t<\/div>\n\t\t\t\t<\/div>\n\t\t\t\t\t<\/div>\n\t\t<\/div>\n\t\t\t\t<div class=\"elementor-column elementor-col-50 elementor-top-column elementor-element elementor-element-01092d1\" data-id=\"01092d1\" data-element_type=\"column\" data-e-type=\"column\">\n\t\t\t<div class=\"elementor-widget-wrap elementor-element-populated\">\n\t\t\t\t\t\t<div class=\"elementor-element elementor-element-71b2f19 elementor-widget elementor-widget-wd_text_block\" data-id=\"71b2f19\" data-element_type=\"widget\" data-e-type=\"widget\" data-widget_type=\"wd_text_block.default\">\n\t\t\t\t<div class=\"elementor-widget-container\">\n\t\t\t\t\t\t\t<div class=\"wd-text-block reset-last-child text-left\">\n\t\t\t\n\t\t\t<div title=\"Seite 11\"><div class=\"page\" title=\"Seite 11\"><div class=\"section\"><div class=\"layoutArea\"><div class=\"column\"><div class=\"page\" title=\"Seite 11\"><div class=\"section\"><div class=\"layoutArea\"><div class=\"column\"><p>Instant Eyes Love besteht zu 99% aus nat\u00fcrlichen Inhaltsstoffen, die die Haut mit Feuchtigkeit versorgen, pflegen und nachhaltig st\u00e4rken. Auf der Liste der Inhaltsstoffe finden sich unter anderem Aloe Vera und reichhaltige Sheabutter. Die beiden innovativen Hauptwirkstoffe von Instant Eyes Love sind Argireline und Eye'fectiveTM. Sie machen das Serum zu einem hochwirksamen und ganzheitlichen Pflegeprodukt, das ein frischeres Aussehen und eine ges\u00fcndere Haut f\u00f6rdert.<\/p><p>Argireline ist ein innovatives Peptid und eine kosmetische Alternative, das nachweislich Mimikfalten reduziert. Argireline hemmt die Kontraktion der Muskeln und verringert so die Tiefe und das Volumen der Falten.<\/p><p>Eye'fectiveTM besteht aus der konzentrierten Kraft von zwei wei\u00dfen Bl\u00fcten, deren Inhaltsstoffe nachweislich Augenringen, Falten und m\u00fcder Haut entgegenwirken.<\/p><p>Mit Instant Eyes Love erhalten Sie 2 Drehstifte in den Farben LIGHT und DARK, um jeden individuellen Hautton perfekt anpassen zu k\u00f6nnen (mix &amp; match).<\/p><\/div><\/div><\/div><\/div><\/div><\/div><\/div><\/div><\/div>\n\t\t\t\t\t<\/div>\n\t\t\t\t\t\t<\/div>\n\t\t\t\t<\/div>\n\t\t\t\t\t<\/div>\n\t\t<\/div>\n\t\t\t\t\t<\/div>\n\t\t<\/section>\n\t\t\t\t<\/div>\n\t\t\n","protected":false},"excerpt":{"rendered":"","protected":false},"featured_media":12998,"template":"","meta":{"_acf_changed":false},"product_brand":[],"product_cat":[147],"product_tag":[],"class_list":{"0":"post-12449","1":"product","2":"type-product","3":"status-publish","4":"has-post-thumbnail","6":"product_cat-forget-about-age","8":"first","9":"instock","10":"taxable","11":"shipping-taxable","12":"purchasable","13":"product-type-simple"},"acf":[],"_links":{"self":[{"href":"https:\/\/forget-about-age.com\/de\/wp-json\/wp\/v2\/product\/12449","targetHints":{"allow":["GET"]}}],"collection":[{"href":"https:\/\/forget-about-age.com\/de\/wp-json\/wp\/v2\/product"}],"about":[{"href":"https:\/\/forget-about-age.com\/de\/wp-json\/wp\/v2\/types\/product"}],"version-history":[{"count":6,"href":"https:\/\/forget-about-age.com\/de\/wp-json\/wp\/v2\/product\/12449\/revisions"}],"predecessor-version":[{"id":12988,"href":"https:\/\/forget-about-age.com\/de\/wp-json\/wp\/v2\/product\/12449\/revisions\/12988"}],"wp:featuredmedia":[{"embeddable":true,"href":"https:\/\/forget-about-age.com\/de\/wp-json\/wp\/v2\/media\/12998"}],"wp:attachment":[{"href":"https:\/\/forget-about-age.com\/de\/wp-json\/wp\/v2\/media?parent=12449"}],"wp:term":[{"taxonomy":"product_brand","embeddable":true,"href":"https:\/\/forget-about-age.com\/de\/wp-json\/wp\/v2\/product_brand?post=12449"},{"taxonomy":"product_cat","embeddable":true,"href":"https:\/\/forget-about-age.com\/de\/wp-json\/wp\/v2\/product_cat?post=12449"},{"taxonomy":"product_tag","embeddable":true,"href":"https:\/\/forget-about-age.com\/de\/wp-json\/wp\/v2\/product_tag?post=12449"}],"curies":[{"name":"wp","href":"https:\/\/api.w.org\/{rel}","templated":true}]}}